{"id":141,"date":"2025-11-04T09:00:08","date_gmt":"2025-11-04T09:00:08","guid":{"rendered":"http:\/\/acasaportuguesa.com\/producto\/pack-6-pastelitos-de-belem\/"},"modified":"2025-11-12T08:27:32","modified_gmt":"2025-11-12T08:27:32","slug":"pack-6-pastelitos-de-belem","status":"publish","type":"product","link":"https:\/\/acasaportuguesa.com\/en\/product\/pack-6-pastelitos-de-belem\/","title":{"rendered":"Pack 6 Pastelitos De Bel\u00e9m"},"content":{"rendered":"","protected":false},"excerpt":{"rendered":"<p>A cream pie combines a rich homemade egg and milk cream inside an extra crispy puff pastry. A unique taste experience in the world.<\/p>","protected":false},"featured_media":2970,"comment_status":"open","ping_status":"closed","template":"","meta":[],"product_brand":[],"product_cat":[18,17],"product_tag":[],"class_list":{"0":"post-141","1":"product","2":"type-product","3":"status-publish","4":"has-post-thumbnail","6":"product_cat-combos","7":"product_cat-mas-pedidos","9":"first","10":"instock","11":"shipping-taxable","12":"purchasable","13":"product-type-simple"},"yoast_head":"<!-- This site is optimized with the Yoast SEO plugin v26.9 - https:\/\/yoast.com\/product\/yoast-seo-wordpress\/ -->\n<title>Pastel de Nata en Barcelona | Aut\u00e9nticos Pasteles Portugueses<\/title>\n<meta name=\"description\" content=\"Prueba el aut\u00e9ntico pastel de nata portugu\u00e9s en Barcelona. Crujiente, cremoso y reci\u00e9n horneado como en Bel\u00e9m. Ven o pide online en A Casa Portuguesa.\" \/>\n<meta name=\"robots\" content=\"index, follow, max-snippet:-1, max-image-preview:large, max-video-preview:-1\" \/>\n<link rel=\"canonical\" href=\"https:\/\/acasaportuguesa.com\/en\/product\/pack-6-pastelitos-de-belem\/\" \/>\n<meta property=\"og:locale\" content=\"en_GB\" \/>\n<meta property=\"og:type\" content=\"article\" \/>\n<meta property=\"og:title\" content=\"Pastel de Nata en Barcelona | Aut\u00e9nticos Pasteles Portugueses\" \/>\n<meta property=\"og:description\" content=\"Prueba el aut\u00e9ntico pastel de nata portugu\u00e9s en Barcelona. Crujiente, cremoso y reci\u00e9n horneado como en Bel\u00e9m. Ven o pide online en A Casa Portuguesa.\" \/>\n<meta property=\"og:url\" content=\"https:\/\/acasaportuguesa.com\/en\/product\/pack-6-pastelitos-de-belem\/\" \/>\n<meta property=\"og:site_name\" content=\"A Casa Portuguesa\" \/>\n<meta property=\"article:modified_time\" content=\"2025-11-12T08:27:32+00:00\" \/>\n<meta property=\"og:image\" content=\"https:\/\/acasaportuguesa.com\/wp-content\/uploads\/2025\/11\/IMG_2752.jpg\" \/>\n\t<meta property=\"og:image:width\" content=\"1284\" \/>\n\t<meta property=\"og:image:height\" content=\"1547\" \/>\n\t<meta property=\"og:image:type\" content=\"image\/jpeg\" \/>\n<meta name=\"twitter:card\" content=\"summary_large_image\" \/>\n<meta name=\"twitter:label1\" content=\"Estimated reading time\" \/>\n\t<meta name=\"twitter:data1\" content=\"1 minute\" \/>\n<script type=\"application\/ld+json\" class=\"yoast-schema-graph\">{\"@context\":\"https:\/\/schema.org\",\"@graph\":[{\"@type\":\"WebPage\",\"@id\":\"https:\/\/acasaportuguesa.com\/producto\/pack-6-pastelitos-de-belem\/\",\"url\":\"https:\/\/acasaportuguesa.com\/producto\/pack-6-pastelitos-de-belem\/\",\"name\":\"Pastel de Nata en Barcelona | Aut\u00e9nticos Pasteles Portugueses\",\"isPartOf\":{\"@id\":\"https:\/\/acasaportuguesa.com\/#website\"},\"primaryImageOfPage\":{\"@id\":\"https:\/\/acasaportuguesa.com\/producto\/pack-6-pastelitos-de-belem\/#primaryimage\"},\"image\":{\"@id\":\"https:\/\/acasaportuguesa.com\/producto\/pack-6-pastelitos-de-belem\/#primaryimage\"},\"thumbnailUrl\":\"https:\/\/acasaportuguesa.com\/wp-content\/uploads\/2025\/11\/IMG_2752.jpg\",\"datePublished\":\"2025-11-04T09:00:08+00:00\",\"dateModified\":\"2025-11-12T08:27:32+00:00\",\"description\":\"Prueba el aut\u00e9ntico pastel de nata portugu\u00e9s en Barcelona. Crujiente, cremoso y reci\u00e9n horneado como en Bel\u00e9m. Ven o pide online en A Casa Portuguesa.\",\"breadcrumb\":{\"@id\":\"https:\/\/acasaportuguesa.com\/producto\/pack-6-pastelitos-de-belem\/#breadcrumb\"},\"inLanguage\":\"en-GB\",\"potentialAction\":[{\"@type\":\"ReadAction\",\"target\":[\"https:\/\/acasaportuguesa.com\/producto\/pack-6-pastelitos-de-belem\/\"]}]},{\"@type\":\"ImageObject\",\"inLanguage\":\"en-GB\",\"@id\":\"https:\/\/acasaportuguesa.com\/producto\/pack-6-pastelitos-de-belem\/#primaryimage\",\"url\":\"https:\/\/acasaportuguesa.com\/wp-content\/uploads\/2025\/11\/IMG_2752.jpg\",\"contentUrl\":\"https:\/\/acasaportuguesa.com\/wp-content\/uploads\/2025\/11\/IMG_2752.jpg\",\"width\":1284,\"height\":1547},{\"@type\":\"BreadcrumbList\",\"@id\":\"https:\/\/acasaportuguesa.com\/producto\/pack-6-pastelitos-de-belem\/#breadcrumb\",\"itemListElement\":[{\"@type\":\"ListItem\",\"position\":1,\"name\":\"Portada\",\"item\":\"https:\/\/acasaportuguesa.com\/\"},{\"@type\":\"ListItem\",\"position\":2,\"name\":\"Tienda\",\"item\":\"https:\/\/acasaportuguesa.com\/tienda\/\"},{\"@type\":\"ListItem\",\"position\":3,\"name\":\"Pack 6 Pastelitos De Bel\u00e9m\"}]},{\"@type\":\"WebSite\",\"@id\":\"https:\/\/acasaportuguesa.com\/#website\",\"url\":\"https:\/\/acasaportuguesa.com\/\",\"name\":\"A Casa Portuguesa\",\"description\":\"S&oacute;lo otro sitio de WordPress\",\"publisher\":{\"@id\":\"https:\/\/acasaportuguesa.com\/#organization\"},\"potentialAction\":[{\"@type\":\"SearchAction\",\"target\":{\"@type\":\"EntryPoint\",\"urlTemplate\":\"https:\/\/acasaportuguesa.com\/?s={search_term_string}\"},\"query-input\":{\"@type\":\"PropertyValueSpecification\",\"valueRequired\":true,\"valueName\":\"search_term_string\"}}],\"inLanguage\":\"en-GB\"},{\"@type\":\"Organization\",\"@id\":\"https:\/\/acasaportuguesa.com\/#organization\",\"name\":\"A Casa Portuguesa\",\"url\":\"https:\/\/acasaportuguesa.com\/\",\"logo\":{\"@type\":\"ImageObject\",\"inLanguage\":\"en-GB\",\"@id\":\"https:\/\/acasaportuguesa.com\/#\/schema\/logo\/image\/\",\"url\":\"https:\/\/acasaportuguesa.com\/wp-content\/uploads\/2025\/09\/logo-acp.png\",\"contentUrl\":\"https:\/\/acasaportuguesa.com\/wp-content\/uploads\/2025\/09\/logo-acp.png\",\"width\":630,\"height\":1179,\"caption\":\"A Casa Portuguesa\"},\"image\":{\"@id\":\"https:\/\/acasaportuguesa.com\/#\/schema\/logo\/image\/\"}}]}<\/script>\n<!-- \/ Yoast SEO plugin. -->","yoast_head_json":{"title":"Pastel de Nata in Barcelona | Authentic Portuguese Pastries","description":"Try the authentic Portuguese cream cake in Barcelona. Crunchy, creamy and freshly baked just like in Bel\u00e9m. Come or order online at A Casa Portuguesa.","robots":{"index":"index","follow":"follow","max-snippet":"max-snippet:-1","max-image-preview":"max-image-preview:large","max-video-preview":"max-video-preview:-1"},"canonical":"https:\/\/acasaportuguesa.com\/en\/product\/pack-6-pastelitos-de-belem\/","og_locale":"en_GB","og_type":"article","og_title":"Pastel de Nata en Barcelona | Aut\u00e9nticos Pasteles Portugueses","og_description":"Prueba el aut\u00e9ntico pastel de nata portugu\u00e9s en Barcelona. Crujiente, cremoso y reci\u00e9n horneado como en Bel\u00e9m. Ven o pide online en A Casa Portuguesa.","og_url":"https:\/\/acasaportuguesa.com\/en\/product\/pack-6-pastelitos-de-belem\/","og_site_name":"A Casa Portuguesa","article_modified_time":"2025-11-12T08:27:32+00:00","og_image":[{"width":1284,"height":1547,"url":"https:\/\/acasaportuguesa.com\/wp-content\/uploads\/2025\/11\/IMG_2752.jpg","type":"image\/jpeg"}],"twitter_card":"summary_large_image","twitter_misc":{"Estimated reading time":"1 minute"},"schema":{"@context":"https:\/\/schema.org","@graph":[{"@type":"WebPage","@id":"https:\/\/acasaportuguesa.com\/producto\/pack-6-pastelitos-de-belem\/","url":"https:\/\/acasaportuguesa.com\/producto\/pack-6-pastelitos-de-belem\/","name":"Pastel de Nata in Barcelona | Authentic Portuguese Pastries","isPartOf":{"@id":"https:\/\/acasaportuguesa.com\/#website"},"primaryImageOfPage":{"@id":"https:\/\/acasaportuguesa.com\/producto\/pack-6-pastelitos-de-belem\/#primaryimage"},"image":{"@id":"https:\/\/acasaportuguesa.com\/producto\/pack-6-pastelitos-de-belem\/#primaryimage"},"thumbnailUrl":"https:\/\/acasaportuguesa.com\/wp-content\/uploads\/2025\/11\/IMG_2752.jpg","datePublished":"2025-11-04T09:00:08+00:00","dateModified":"2025-11-12T08:27:32+00:00","description":"Try the authentic Portuguese cream cake in Barcelona. Crunchy, creamy and freshly baked just like in Bel\u00e9m. Come or order online at A Casa Portuguesa.","breadcrumb":{"@id":"https:\/\/acasaportuguesa.com\/producto\/pack-6-pastelitos-de-belem\/#breadcrumb"},"inLanguage":"en-GB","potentialAction":[{"@type":"ReadAction","target":["https:\/\/acasaportuguesa.com\/producto\/pack-6-pastelitos-de-belem\/"]}]},{"@type":"ImageObject","inLanguage":"en-GB","@id":"https:\/\/acasaportuguesa.com\/producto\/pack-6-pastelitos-de-belem\/#primaryimage","url":"https:\/\/acasaportuguesa.com\/wp-content\/uploads\/2025\/11\/IMG_2752.jpg","contentUrl":"https:\/\/acasaportuguesa.com\/wp-content\/uploads\/2025\/11\/IMG_2752.jpg","width":1284,"height":1547},{"@type":"BreadcrumbList","@id":"https:\/\/acasaportuguesa.com\/producto\/pack-6-pastelitos-de-belem\/#breadcrumb","itemListElement":[{"@type":"ListItem","position":1,"name":"Portada","item":"https:\/\/acasaportuguesa.com\/"},{"@type":"ListItem","position":2,"name":"Tienda","item":"https:\/\/acasaportuguesa.com\/tienda\/"},{"@type":"ListItem","position":3,"name":"Pack 6 Pastelitos De Bel\u00e9m"}]},{"@type":"WebSite","@id":"https:\/\/acasaportuguesa.com\/#website","url":"https:\/\/acasaportuguesa.com\/","name":"A Casa Portuguesa","description":"Just another WordPress site","publisher":{"@id":"https:\/\/acasaportuguesa.com\/#organization"},"potentialAction":[{"@type":"SearchAction","target":{"@type":"EntryPoint","urlTemplate":"https:\/\/acasaportuguesa.com\/?s={search_term_string}"},"query-input":{"@type":"PropertyValueSpecification","valueRequired":true,"valueName":"search_term_string"}}],"inLanguage":"en-GB"},{"@type":"Organization","@id":"https:\/\/acasaportuguesa.com\/#organization","name":"A Casa Portuguesa","url":"https:\/\/acasaportuguesa.com\/","logo":{"@type":"ImageObject","inLanguage":"en-GB","@id":"https:\/\/acasaportuguesa.com\/#\/schema\/logo\/image\/","url":"https:\/\/acasaportuguesa.com\/wp-content\/uploads\/2025\/09\/logo-acp.png","contentUrl":"https:\/\/acasaportuguesa.com\/wp-content\/uploads\/2025\/09\/logo-acp.png","width":630,"height":1179,"caption":"A Casa Portuguesa"},"image":{"@id":"https:\/\/acasaportuguesa.com\/#\/schema\/logo\/image\/"}}]}},"jetpack_sharing_enabled":true,"_links":{"self":[{"href":"https:\/\/acasaportuguesa.com\/en\/wp-json\/wp\/v2\/product\/141","targetHints":{"allow":["GET"]}}],"collection":[{"href":"https:\/\/acasaportuguesa.com\/en\/wp-json\/wp\/v2\/product"}],"about":[{"href":"https:\/\/acasaportuguesa.com\/en\/wp-json\/wp\/v2\/types\/product"}],"replies":[{"embeddable":true,"href":"https:\/\/acasaportuguesa.com\/en\/wp-json\/wp\/v2\/comments?post=141"}],"wp:featuredmedia":[{"embeddable":true,"href":"https:\/\/acasaportuguesa.com\/en\/wp-json\/wp\/v2\/media\/2970"}],"wp:attachment":[{"href":"https:\/\/acasaportuguesa.com\/en\/wp-json\/wp\/v2\/media?parent=141"}],"wp:term":[{"taxonomy":"product_brand","embeddable":true,"href":"https:\/\/acasaportuguesa.com\/en\/wp-json\/wp\/v2\/product_brand?post=141"},{"taxonomy":"product_cat","embeddable":true,"href":"https:\/\/acasaportuguesa.com\/en\/wp-json\/wp\/v2\/product_cat?post=141"},{"taxonomy":"product_tag","embeddable":true,"href":"https:\/\/acasaportuguesa.com\/en\/wp-json\/wp\/v2\/product_tag?post=141"}],"curies":[{"name":"wp","href":"https:\/\/api.w.org\/{rel}","templated":true}]}}