{"id":155,"date":"2025-09-30T10:39:17","date_gmt":"2025-09-30T10:39:17","guid":{"rendered":"http:\/\/acasaportuguesa.com\/producto\/lemon-pie-porcion\/"},"modified":"2025-11-07T14:33:33","modified_gmt":"2025-11-07T14:33:33","slug":"lemon-pie-porcion","status":"publish","type":"product","link":"https:\/\/acasaportuguesa.com\/en\/product\/lemon-pie-porcion\/","title":{"rendered":"Lemon Pie Portion"},"content":{"rendered":"","protected":false},"excerpt":{"rendered":"<p>Classic Lemon Pie with a crispy biscuit base, filled with fresh lemon cream and topped with soft meringue.<\/p>","protected":false},"featured_media":3022,"comment_status":"open","ping_status":"closed","template":"","meta":[],"product_brand":[],"product_cat":[17,20],"product_tag":[],"class_list":{"0":"post-155","1":"product","2":"type-product","3":"status-publish","4":"has-post-thumbnail","6":"product_cat-mas-pedidos","7":"product_cat-postres","9":"first","10":"instock","11":"shipping-taxable","12":"purchasable","13":"product-type-simple"},"yoast_head":"<!-- This site is optimized with the Yoast SEO plugin v26.9 - https:\/\/yoast.com\/product\/yoast-seo-wordpress\/ -->\n<title>Lemon Pie Porci\u00f3n - A Casa Portuguesa<\/title>\n<meta name=\"robots\" content=\"index, follow, max-snippet:-1, max-image-preview:large, max-video-preview:-1\" \/>\n<link rel=\"canonical\" href=\"https:\/\/acasaportuguesa.com\/en\/product\/lemon-pie-porcion\/\" \/>\n<meta property=\"og:locale\" content=\"en_GB\" \/>\n<meta property=\"og:type\" content=\"article\" \/>\n<meta property=\"og:title\" content=\"Lemon Pie Porci\u00f3n - A Casa Portuguesa\" \/>\n<meta property=\"og:description\" content=\"Cl\u00e1sica Lemon Pie con base crujiente de galleta, rellena de crema de lim\u00f3n fresca y cubierta con un suave merengue.\" \/>\n<meta property=\"og:url\" content=\"https:\/\/acasaportuguesa.com\/en\/product\/lemon-pie-porcion\/\" \/>\n<meta property=\"og:site_name\" content=\"A Casa Portuguesa\" \/>\n<meta property=\"article:modified_time\" content=\"2025-11-07T14:33:33+00:00\" \/>\n<meta property=\"og:image\" content=\"https:\/\/acasaportuguesa.com\/wp-content\/uploads\/2025\/09\/Tezza-7514-scaled.jpg\" \/>\n\t<meta property=\"og:image:width\" content=\"2560\" \/>\n\t<meta property=\"og:image:height\" content=\"2560\" \/>\n\t<meta property=\"og:image:type\" content=\"image\/jpeg\" \/>\n<meta name=\"twitter:card\" content=\"summary_large_image\" \/>\n<script type=\"application\/ld+json\" class=\"yoast-schema-graph\">{\"@context\":\"https:\/\/schema.org\",\"@graph\":[{\"@type\":\"WebPage\",\"@id\":\"https:\/\/acasaportuguesa.com\/producto\/lemon-pie-porcion\/\",\"url\":\"https:\/\/acasaportuguesa.com\/producto\/lemon-pie-porcion\/\",\"name\":\"Lemon Pie Porci\u00f3n - A Casa Portuguesa\",\"isPartOf\":{\"@id\":\"https:\/\/acasaportuguesa.com\/#website\"},\"primaryImageOfPage\":{\"@id\":\"https:\/\/acasaportuguesa.com\/producto\/lemon-pie-porcion\/#primaryimage\"},\"image\":{\"@id\":\"https:\/\/acasaportuguesa.com\/producto\/lemon-pie-porcion\/#primaryimage\"},\"thumbnailUrl\":\"https:\/\/acasaportuguesa.com\/wp-content\/uploads\/2025\/09\/Tezza-7514-scaled.jpg\",\"datePublished\":\"2025-09-30T10:39:17+00:00\",\"dateModified\":\"2025-11-07T14:33:33+00:00\",\"breadcrumb\":{\"@id\":\"https:\/\/acasaportuguesa.com\/producto\/lemon-pie-porcion\/#breadcrumb\"},\"inLanguage\":\"en-GB\",\"potentialAction\":[{\"@type\":\"ReadAction\",\"target\":[\"https:\/\/acasaportuguesa.com\/producto\/lemon-pie-porcion\/\"]}]},{\"@type\":\"ImageObject\",\"inLanguage\":\"en-GB\",\"@id\":\"https:\/\/acasaportuguesa.com\/producto\/lemon-pie-porcion\/#primaryimage\",\"url\":\"https:\/\/acasaportuguesa.com\/wp-content\/uploads\/2025\/09\/Tezza-7514-scaled.jpg\",\"contentUrl\":\"https:\/\/acasaportuguesa.com\/wp-content\/uploads\/2025\/09\/Tezza-7514-scaled.jpg\",\"width\":2560,\"height\":2560,\"caption\":\"Edited in Tezza with: Crop, Vintage, Brightness, Contrast, Temperature, &amp; Vignette\"},{\"@type\":\"BreadcrumbList\",\"@id\":\"https:\/\/acasaportuguesa.com\/producto\/lemon-pie-porcion\/#breadcrumb\",\"itemListElement\":[{\"@type\":\"ListItem\",\"position\":1,\"name\":\"Portada\",\"item\":\"https:\/\/acasaportuguesa.com\/\"},{\"@type\":\"ListItem\",\"position\":2,\"name\":\"Tienda\",\"item\":\"https:\/\/acasaportuguesa.com\/tienda\/\"},{\"@type\":\"ListItem\",\"position\":3,\"name\":\"Lemon Pie Porci\u00f3n\"}]},{\"@type\":\"WebSite\",\"@id\":\"https:\/\/acasaportuguesa.com\/#website\",\"url\":\"https:\/\/acasaportuguesa.com\/\",\"name\":\"A Casa Portuguesa\",\"description\":\"S&oacute;lo otro sitio de WordPress\",\"publisher\":{\"@id\":\"https:\/\/acasaportuguesa.com\/#organization\"},\"potentialAction\":[{\"@type\":\"SearchAction\",\"target\":{\"@type\":\"EntryPoint\",\"urlTemplate\":\"https:\/\/acasaportuguesa.com\/?s={search_term_string}\"},\"query-input\":{\"@type\":\"PropertyValueSpecification\",\"valueRequired\":true,\"valueName\":\"search_term_string\"}}],\"inLanguage\":\"en-GB\"},{\"@type\":\"Organization\",\"@id\":\"https:\/\/acasaportuguesa.com\/#organization\",\"name\":\"A Casa Portuguesa\",\"url\":\"https:\/\/acasaportuguesa.com\/\",\"logo\":{\"@type\":\"ImageObject\",\"inLanguage\":\"en-GB\",\"@id\":\"https:\/\/acasaportuguesa.com\/#\/schema\/logo\/image\/\",\"url\":\"https:\/\/acasaportuguesa.com\/wp-content\/uploads\/2025\/09\/logo-acp.png\",\"contentUrl\":\"https:\/\/acasaportuguesa.com\/wp-content\/uploads\/2025\/09\/logo-acp.png\",\"width\":630,\"height\":1179,\"caption\":\"A Casa Portuguesa\"},\"image\":{\"@id\":\"https:\/\/acasaportuguesa.com\/#\/schema\/logo\/image\/\"}}]}<\/script>\n<!-- \/ Yoast SEO plugin. -->","yoast_head_json":{"title":"Lemon Pie Porci\u00f3n - A Casa Portuguesa","robots":{"index":"index","follow":"follow","max-snippet":"max-snippet:-1","max-image-preview":"max-image-preview:large","max-video-preview":"max-video-preview:-1"},"canonical":"https:\/\/acasaportuguesa.com\/en\/product\/lemon-pie-porcion\/","og_locale":"en_GB","og_type":"article","og_title":"Lemon Pie Porci\u00f3n - A Casa Portuguesa","og_description":"Cl\u00e1sica Lemon Pie con base crujiente de galleta, rellena de crema de lim\u00f3n fresca y cubierta con un suave merengue.","og_url":"https:\/\/acasaportuguesa.com\/en\/product\/lemon-pie-porcion\/","og_site_name":"A Casa Portuguesa","article_modified_time":"2025-11-07T14:33:33+00:00","og_image":[{"width":2560,"height":2560,"url":"https:\/\/acasaportuguesa.com\/wp-content\/uploads\/2025\/09\/Tezza-7514-scaled.jpg","type":"image\/jpeg"}],"twitter_card":"summary_large_image","schema":{"@context":"https:\/\/schema.org","@graph":[{"@type":"WebPage","@id":"https:\/\/acasaportuguesa.com\/producto\/lemon-pie-porcion\/","url":"https:\/\/acasaportuguesa.com\/producto\/lemon-pie-porcion\/","name":"Lemon Pie Porci\u00f3n - A Casa Portuguesa","isPartOf":{"@id":"https:\/\/acasaportuguesa.com\/#website"},"primaryImageOfPage":{"@id":"https:\/\/acasaportuguesa.com\/producto\/lemon-pie-porcion\/#primaryimage"},"image":{"@id":"https:\/\/acasaportuguesa.com\/producto\/lemon-pie-porcion\/#primaryimage"},"thumbnailUrl":"https:\/\/acasaportuguesa.com\/wp-content\/uploads\/2025\/09\/Tezza-7514-scaled.jpg","datePublished":"2025-09-30T10:39:17+00:00","dateModified":"2025-11-07T14:33:33+00:00","breadcrumb":{"@id":"https:\/\/acasaportuguesa.com\/producto\/lemon-pie-porcion\/#breadcrumb"},"inLanguage":"en-GB","potentialAction":[{"@type":"ReadAction","target":["https:\/\/acasaportuguesa.com\/producto\/lemon-pie-porcion\/"]}]},{"@type":"ImageObject","inLanguage":"en-GB","@id":"https:\/\/acasaportuguesa.com\/producto\/lemon-pie-porcion\/#primaryimage","url":"https:\/\/acasaportuguesa.com\/wp-content\/uploads\/2025\/09\/Tezza-7514-scaled.jpg","contentUrl":"https:\/\/acasaportuguesa.com\/wp-content\/uploads\/2025\/09\/Tezza-7514-scaled.jpg","width":2560,"height":2560,"caption":"Edited in Tezza with: Crop, Vintage, Brightness, Contrast, Temperature, &amp; Vignette"},{"@type":"BreadcrumbList","@id":"https:\/\/acasaportuguesa.com\/producto\/lemon-pie-porcion\/#breadcrumb","itemListElement":[{"@type":"ListItem","position":1,"name":"Portada","item":"https:\/\/acasaportuguesa.com\/"},{"@type":"ListItem","position":2,"name":"Tienda","item":"https:\/\/acasaportuguesa.com\/tienda\/"},{"@type":"ListItem","position":3,"name":"Lemon Pie Porci\u00f3n"}]},{"@type":"WebSite","@id":"https:\/\/acasaportuguesa.com\/#website","url":"https:\/\/acasaportuguesa.com\/","name":"A Casa Portuguesa","description":"Just another WordPress site","publisher":{"@id":"https:\/\/acasaportuguesa.com\/#organization"},"potentialAction":[{"@type":"SearchAction","target":{"@type":"EntryPoint","urlTemplate":"https:\/\/acasaportuguesa.com\/?s={search_term_string}"},"query-input":{"@type":"PropertyValueSpecification","valueRequired":true,"valueName":"search_term_string"}}],"inLanguage":"en-GB"},{"@type":"Organization","@id":"https:\/\/acasaportuguesa.com\/#organization","name":"A Casa Portuguesa","url":"https:\/\/acasaportuguesa.com\/","logo":{"@type":"ImageObject","inLanguage":"en-GB","@id":"https:\/\/acasaportuguesa.com\/#\/schema\/logo\/image\/","url":"https:\/\/acasaportuguesa.com\/wp-content\/uploads\/2025\/09\/logo-acp.png","contentUrl":"https:\/\/acasaportuguesa.com\/wp-content\/uploads\/2025\/09\/logo-acp.png","width":630,"height":1179,"caption":"A Casa Portuguesa"},"image":{"@id":"https:\/\/acasaportuguesa.com\/#\/schema\/logo\/image\/"}}]}},"jetpack_sharing_enabled":true,"_links":{"self":[{"href":"https:\/\/acasaportuguesa.com\/en\/wp-json\/wp\/v2\/product\/155","targetHints":{"allow":["GET"]}}],"collection":[{"href":"https:\/\/acasaportuguesa.com\/en\/wp-json\/wp\/v2\/product"}],"about":[{"href":"https:\/\/acasaportuguesa.com\/en\/wp-json\/wp\/v2\/types\/product"}],"replies":[{"embeddable":true,"href":"https:\/\/acasaportuguesa.com\/en\/wp-json\/wp\/v2\/comments?post=155"}],"wp:featuredmedia":[{"embeddable":true,"href":"https:\/\/acasaportuguesa.com\/en\/wp-json\/wp\/v2\/media\/3022"}],"wp:attachment":[{"href":"https:\/\/acasaportuguesa.com\/en\/wp-json\/wp\/v2\/media?parent=155"}],"wp:term":[{"taxonomy":"product_brand","embeddable":true,"href":"https:\/\/acasaportuguesa.com\/en\/wp-json\/wp\/v2\/product_brand?post=155"},{"taxonomy":"product_cat","embeddable":true,"href":"https:\/\/acasaportuguesa.com\/en\/wp-json\/wp\/v2\/product_cat?post=155"},{"taxonomy":"product_tag","embeddable":true,"href":"https:\/\/acasaportuguesa.com\/en\/wp-json\/wp\/v2\/product_tag?post=155"}],"curies":[{"name":"wp","href":"https:\/\/api.w.org\/{rel}","templated":true}]}}