{"id":182,"date":"2025-09-30T10:41:34","date_gmt":"2025-09-30T10:41:34","guid":{"rendered":"http:\/\/acasaportuguesa.com\/producto\/bifana-150-gr\/"},"modified":"2026-03-20T16:43:29","modified_gmt":"2026-03-20T16:43:29","slug":"bifana-150-gr","status":"publish","type":"product","link":"https:\/\/acasaportuguesa.com\/en\/product\/bifana-150-gr\/","title":{"rendered":"Bifana 150 Gr"},"content":{"rendered":"","protected":false},"excerpt":{"rendered":"<p>The most classic Portuguese sandwich with very tender pork meat marinated in a typical sauce and cooked slowly at low temperature.<\/p>","protected":false},"featured_media":50,"comment_status":"open","ping_status":"closed","template":"","meta":[],"product_brand":[],"product_cat":[17,23],"product_tag":[],"class_list":{"0":"post-182","1":"product","2":"type-product","3":"status-publish","4":"has-post-thumbnail","6":"product_cat-mas-pedidos","7":"product_cat-tradicion-portuguesa-salados","9":"first","10":"instock","11":"shipping-taxable","12":"purchasable","13":"product-type-simple"},"yoast_head":"<!-- This site is optimized with the Yoast SEO plugin v26.9 - https:\/\/yoast.com\/product\/yoast-seo-wordpress\/ -->\n<title>Bifana 150 Gr - A Casa Portuguesa<\/title>\n<meta name=\"robots\" content=\"index, follow, max-snippet:-1, max-image-preview:large, max-video-preview:-1\" \/>\n<link rel=\"canonical\" href=\"https:\/\/acasaportuguesa.com\/en\/product\/bifana-150-gr\/\" \/>\n<meta property=\"og:locale\" content=\"en_GB\" \/>\n<meta property=\"og:type\" content=\"article\" \/>\n<meta property=\"og:title\" content=\"Bifana 150 Gr - A Casa Portuguesa\" \/>\n<meta property=\"og:description\" content=\"El m\u00e1s cl\u00e1sico bocadillo portugu\u00e9s con carne de cerdo muy tierna adobada en una salsa t\u00edpica y cocinada lentamente a baja temperatura.\" \/>\n<meta property=\"og:url\" content=\"https:\/\/acasaportuguesa.com\/en\/product\/bifana-150-gr\/\" \/>\n<meta property=\"og:site_name\" content=\"A Casa Portuguesa\" \/>\n<meta property=\"article:modified_time\" content=\"2026-03-20T16:43:29+00:00\" \/>\n<meta property=\"og:image\" content=\"https:\/\/acasaportuguesa.com\/wp-content\/uploads\/2025\/09\/bifana-sandwich.jpg\" \/>\n\t<meta property=\"og:image:width\" content=\"300\" \/>\n\t<meta property=\"og:image:height\" content=\"300\" \/>\n\t<meta property=\"og:image:type\" content=\"image\/jpeg\" \/>\n<meta name=\"twitter:card\" content=\"summary_large_image\" \/>\n<script type=\"application\/ld+json\" class=\"yoast-schema-graph\">{\"@context\":\"https:\/\/schema.org\",\"@graph\":[{\"@type\":\"WebPage\",\"@id\":\"https:\/\/acasaportuguesa.com\/producto\/bifana-150-gr\/\",\"url\":\"https:\/\/acasaportuguesa.com\/producto\/bifana-150-gr\/\",\"name\":\"Bifana 150 Gr - A Casa Portuguesa\",\"isPartOf\":{\"@id\":\"https:\/\/acasaportuguesa.com\/#website\"},\"primaryImageOfPage\":{\"@id\":\"https:\/\/acasaportuguesa.com\/producto\/bifana-150-gr\/#primaryimage\"},\"image\":{\"@id\":\"https:\/\/acasaportuguesa.com\/producto\/bifana-150-gr\/#primaryimage\"},\"thumbnailUrl\":\"https:\/\/acasaportuguesa.com\/wp-content\/uploads\/2025\/09\/bifana-sandwich.jpg\",\"datePublished\":\"2025-09-30T10:41:34+00:00\",\"dateModified\":\"2026-03-20T16:43:29+00:00\",\"breadcrumb\":{\"@id\":\"https:\/\/acasaportuguesa.com\/producto\/bifana-150-gr\/#breadcrumb\"},\"inLanguage\":\"en-GB\",\"potentialAction\":[{\"@type\":\"ReadAction\",\"target\":[\"https:\/\/acasaportuguesa.com\/producto\/bifana-150-gr\/\"]}]},{\"@type\":\"ImageObject\",\"inLanguage\":\"en-GB\",\"@id\":\"https:\/\/acasaportuguesa.com\/producto\/bifana-150-gr\/#primaryimage\",\"url\":\"https:\/\/acasaportuguesa.com\/wp-content\/uploads\/2025\/09\/bifana-sandwich.jpg\",\"contentUrl\":\"https:\/\/acasaportuguesa.com\/wp-content\/uploads\/2025\/09\/bifana-sandwich.jpg\",\"width\":300,\"height\":300},{\"@type\":\"BreadcrumbList\",\"@id\":\"https:\/\/acasaportuguesa.com\/producto\/bifana-150-gr\/#breadcrumb\",\"itemListElement\":[{\"@type\":\"ListItem\",\"position\":1,\"name\":\"Portada\",\"item\":\"https:\/\/acasaportuguesa.com\/\"},{\"@type\":\"ListItem\",\"position\":2,\"name\":\"Tienda\",\"item\":\"https:\/\/acasaportuguesa.com\/tienda\/\"},{\"@type\":\"ListItem\",\"position\":3,\"name\":\"Bifana 150 Gr\"}]},{\"@type\":\"WebSite\",\"@id\":\"https:\/\/acasaportuguesa.com\/#website\",\"url\":\"https:\/\/acasaportuguesa.com\/\",\"name\":\"A Casa Portuguesa\",\"description\":\"S&oacute;lo otro sitio de WordPress\",\"publisher\":{\"@id\":\"https:\/\/acasaportuguesa.com\/#organization\"},\"potentialAction\":[{\"@type\":\"SearchAction\",\"target\":{\"@type\":\"EntryPoint\",\"urlTemplate\":\"https:\/\/acasaportuguesa.com\/?s={search_term_string}\"},\"query-input\":{\"@type\":\"PropertyValueSpecification\",\"valueRequired\":true,\"valueName\":\"search_term_string\"}}],\"inLanguage\":\"en-GB\"},{\"@type\":\"Organization\",\"@id\":\"https:\/\/acasaportuguesa.com\/#organization\",\"name\":\"A Casa Portuguesa\",\"url\":\"https:\/\/acasaportuguesa.com\/\",\"logo\":{\"@type\":\"ImageObject\",\"inLanguage\":\"en-GB\",\"@id\":\"https:\/\/acasaportuguesa.com\/#\/schema\/logo\/image\/\",\"url\":\"https:\/\/acasaportuguesa.com\/wp-content\/uploads\/2025\/09\/logo-acp.png\",\"contentUrl\":\"https:\/\/acasaportuguesa.com\/wp-content\/uploads\/2025\/09\/logo-acp.png\",\"width\":630,\"height\":1179,\"caption\":\"A Casa Portuguesa\"},\"image\":{\"@id\":\"https:\/\/acasaportuguesa.com\/#\/schema\/logo\/image\/\"}}]}<\/script>\n<!-- \/ Yoast SEO plugin. -->","yoast_head_json":{"title":"Bifana 150 Gr - A Casa Portuguesa","robots":{"index":"index","follow":"follow","max-snippet":"max-snippet:-1","max-image-preview":"max-image-preview:large","max-video-preview":"max-video-preview:-1"},"canonical":"https:\/\/acasaportuguesa.com\/en\/product\/bifana-150-gr\/","og_locale":"en_GB","og_type":"article","og_title":"Bifana 150 Gr - A Casa Portuguesa","og_description":"El m\u00e1s cl\u00e1sico bocadillo portugu\u00e9s con carne de cerdo muy tierna adobada en una salsa t\u00edpica y cocinada lentamente a baja temperatura.","og_url":"https:\/\/acasaportuguesa.com\/en\/product\/bifana-150-gr\/","og_site_name":"A Casa Portuguesa","article_modified_time":"2026-03-20T16:43:29+00:00","og_image":[{"width":300,"height":300,"url":"https:\/\/acasaportuguesa.com\/wp-content\/uploads\/2025\/09\/bifana-sandwich.jpg","type":"image\/jpeg"}],"twitter_card":"summary_large_image","schema":{"@context":"https:\/\/schema.org","@graph":[{"@type":"WebPage","@id":"https:\/\/acasaportuguesa.com\/producto\/bifana-150-gr\/","url":"https:\/\/acasaportuguesa.com\/producto\/bifana-150-gr\/","name":"Bifana 150 Gr - A Casa Portuguesa","isPartOf":{"@id":"https:\/\/acasaportuguesa.com\/#website"},"primaryImageOfPage":{"@id":"https:\/\/acasaportuguesa.com\/producto\/bifana-150-gr\/#primaryimage"},"image":{"@id":"https:\/\/acasaportuguesa.com\/producto\/bifana-150-gr\/#primaryimage"},"thumbnailUrl":"https:\/\/acasaportuguesa.com\/wp-content\/uploads\/2025\/09\/bifana-sandwich.jpg","datePublished":"2025-09-30T10:41:34+00:00","dateModified":"2026-03-20T16:43:29+00:00","breadcrumb":{"@id":"https:\/\/acasaportuguesa.com\/producto\/bifana-150-gr\/#breadcrumb"},"inLanguage":"en-GB","potentialAction":[{"@type":"ReadAction","target":["https:\/\/acasaportuguesa.com\/producto\/bifana-150-gr\/"]}]},{"@type":"ImageObject","inLanguage":"en-GB","@id":"https:\/\/acasaportuguesa.com\/producto\/bifana-150-gr\/#primaryimage","url":"https:\/\/acasaportuguesa.com\/wp-content\/uploads\/2025\/09\/bifana-sandwich.jpg","contentUrl":"https:\/\/acasaportuguesa.com\/wp-content\/uploads\/2025\/09\/bifana-sandwich.jpg","width":300,"height":300},{"@type":"BreadcrumbList","@id":"https:\/\/acasaportuguesa.com\/producto\/bifana-150-gr\/#breadcrumb","itemListElement":[{"@type":"ListItem","position":1,"name":"Portada","item":"https:\/\/acasaportuguesa.com\/"},{"@type":"ListItem","position":2,"name":"Tienda","item":"https:\/\/acasaportuguesa.com\/tienda\/"},{"@type":"ListItem","position":3,"name":"Bifana 150 Gr"}]},{"@type":"WebSite","@id":"https:\/\/acasaportuguesa.com\/#website","url":"https:\/\/acasaportuguesa.com\/","name":"A Casa Portuguesa","description":"Just another WordPress site","publisher":{"@id":"https:\/\/acasaportuguesa.com\/#organization"},"potentialAction":[{"@type":"SearchAction","target":{"@type":"EntryPoint","urlTemplate":"https:\/\/acasaportuguesa.com\/?s={search_term_string}"},"query-input":{"@type":"PropertyValueSpecification","valueRequired":true,"valueName":"search_term_string"}}],"inLanguage":"en-GB"},{"@type":"Organization","@id":"https:\/\/acasaportuguesa.com\/#organization","name":"A Casa Portuguesa","url":"https:\/\/acasaportuguesa.com\/","logo":{"@type":"ImageObject","inLanguage":"en-GB","@id":"https:\/\/acasaportuguesa.com\/#\/schema\/logo\/image\/","url":"https:\/\/acasaportuguesa.com\/wp-content\/uploads\/2025\/09\/logo-acp.png","contentUrl":"https:\/\/acasaportuguesa.com\/wp-content\/uploads\/2025\/09\/logo-acp.png","width":630,"height":1179,"caption":"A Casa Portuguesa"},"image":{"@id":"https:\/\/acasaportuguesa.com\/#\/schema\/logo\/image\/"}}]}},"jetpack_sharing_enabled":true,"_links":{"self":[{"href":"https:\/\/acasaportuguesa.com\/en\/wp-json\/wp\/v2\/product\/182","targetHints":{"allow":["GET"]}}],"collection":[{"href":"https:\/\/acasaportuguesa.com\/en\/wp-json\/wp\/v2\/product"}],"about":[{"href":"https:\/\/acasaportuguesa.com\/en\/wp-json\/wp\/v2\/types\/product"}],"replies":[{"embeddable":true,"href":"https:\/\/acasaportuguesa.com\/en\/wp-json\/wp\/v2\/comments?post=182"}],"wp:featuredmedia":[{"embeddable":true,"href":"https:\/\/acasaportuguesa.com\/en\/wp-json\/wp\/v2\/media\/50"}],"wp:attachment":[{"href":"https:\/\/acasaportuguesa.com\/en\/wp-json\/wp\/v2\/media?parent=182"}],"wp:term":[{"taxonomy":"product_brand","embeddable":true,"href":"https:\/\/acasaportuguesa.com\/en\/wp-json\/wp\/v2\/product_brand?post=182"},{"taxonomy":"product_cat","embeddable":true,"href":"https:\/\/acasaportuguesa.com\/en\/wp-json\/wp\/v2\/product_cat?post=182"},{"taxonomy":"product_tag","embeddable":true,"href":"https:\/\/acasaportuguesa.com\/en\/wp-json\/wp\/v2\/product_tag?post=182"}],"curies":[{"name":"wp","href":"https:\/\/api.w.org\/{rel}","templated":true}]}}