{"id":2964,"date":"2025-11-05T14:16:03","date_gmt":"2025-11-05T14:16:03","guid":{"rendered":"http:\/\/acasaportuguesa.com\/?post_type=product&#038;p=2964"},"modified":"2025-11-07T03:20:39","modified_gmt":"2025-11-07T03:20:39","slug":"quiche-entera","status":"publish","type":"product","link":"https:\/\/acasaportuguesa.com\/en\/product\/quiche-entera\/","title":{"rendered":"Whole Quiche"},"content":{"rendered":"","protected":false},"excerpt":{"rendered":"<p>One Portion.<\/p>\n<p>Different and delicious combinations of the freshest and most seasonal vegetables, vegetarian or with variations of fish or meat.<\/p>\n<p><span style=\"font-family: -apple-system, BlinkMacSystemFont, 'Segoe UI', Roboto, 'Helvetica Neue', Arial, 'Noto Sans', sans-serif, 'Apple Color Emoji', 'Segoe UI Emoji', 'Segoe UI Symbol', 'Noto Color Emoji';\">Salmon, Spinach and Fennel Quiche \/ <\/span><span style=\"font-family: -apple-system, BlinkMacSystemFont, 'Segoe UI', Roboto, 'Helvetica Neue', Arial, 'Noto Sans', sans-serif, 'Apple Color Emoji', 'Segoe UI Emoji', 'Segoe UI Symbol', 'Noto Color Emoji';\">Quiche Courgette and Mushroom Curry \/ <\/span><span style=\"font-family: -apple-system, BlinkMacSystemFont, 'Segoe UI', Roboto, 'Helvetica Neue', Arial, 'Noto Sans', sans-serif, 'Apple Color Emoji', 'Segoe UI Emoji', 'Segoe UI Symbol', 'Noto Color Emoji';\">Quiche Lorraine - Sweet Ham, Bacon and Leeks<\/span><\/p>","protected":false},"featured_media":2965,"comment_status":"open","ping_status":"closed","template":"","meta":[],"product_brand":[],"product_cat":[23],"product_tag":[],"class_list":{"0":"post-2964","1":"product","2":"type-product","3":"status-publish","4":"has-post-thumbnail","6":"product_cat-tradicion-portuguesa-salados","8":"first","9":"instock","10":"shipping-taxable","11":"purchasable","12":"product-type-simple"},"yoast_head":"<!-- This site is optimized with the Yoast SEO plugin v26.9 - https:\/\/yoast.com\/product\/yoast-seo-wordpress\/ -->\n<title>Quiche Entera - A Casa Portuguesa<\/title>\n<meta name=\"robots\" content=\"index, follow, max-snippet:-1, max-image-preview:large, max-video-preview:-1\" \/>\n<link rel=\"canonical\" href=\"https:\/\/acasaportuguesa.com\/en\/product\/quiche-entera\/\" \/>\n<meta property=\"og:locale\" content=\"en_GB\" \/>\n<meta property=\"og:type\" content=\"article\" \/>\n<meta property=\"og:title\" content=\"Quiche Entera - A Casa Portuguesa\" \/>\n<meta property=\"og:description\" content=\"Una Porci\u00f3n.  Diferentes y deliciosas combinaciones de las verduras m\u00e1s frescas y de temporada, vegetariana o con variaciones de pescado o carne.  Quiche Salm\u00f3n, Espinacas y Hinojo \/ Quiche Calabac\u00edn y Champis al Curry \/ Quiche Lorraine \u2013 Jam\u00f3n dulce, Bacon y Puerros\" \/>\n<meta property=\"og:url\" content=\"https:\/\/acasaportuguesa.com\/en\/product\/quiche-entera\/\" \/>\n<meta property=\"og:site_name\" content=\"A Casa Portuguesa\" \/>\n<meta property=\"article:modified_time\" content=\"2025-11-07T03:20:39+00:00\" \/>\n<meta property=\"og:image\" content=\"https:\/\/acasaportuguesa.com\/wp-content\/uploads\/2025\/11\/QUICHE-SALMON-BROCOLI-web-600x400-1.jpg\" \/>\n\t<meta property=\"og:image:width\" content=\"600\" \/>\n\t<meta property=\"og:image:height\" content=\"400\" \/>\n\t<meta property=\"og:image:type\" content=\"image\/jpeg\" \/>\n<meta name=\"twitter:card\" content=\"summary_large_image\" \/>\n<script type=\"application\/ld+json\" class=\"yoast-schema-graph\">{\"@context\":\"https:\/\/schema.org\",\"@graph\":[{\"@type\":\"WebPage\",\"@id\":\"https:\/\/acasaportuguesa.com\/producto\/quiche-entera\/\",\"url\":\"https:\/\/acasaportuguesa.com\/producto\/quiche-entera\/\",\"name\":\"Quiche Entera - A Casa Portuguesa\",\"isPartOf\":{\"@id\":\"https:\/\/acasaportuguesa.com\/#website\"},\"primaryImageOfPage\":{\"@id\":\"https:\/\/acasaportuguesa.com\/producto\/quiche-entera\/#primaryimage\"},\"image\":{\"@id\":\"https:\/\/acasaportuguesa.com\/producto\/quiche-entera\/#primaryimage\"},\"thumbnailUrl\":\"https:\/\/acasaportuguesa.com\/wp-content\/uploads\/2025\/11\/QUICHE-SALMON-BROCOLI-web-600x400-1.jpg\",\"datePublished\":\"2025-11-05T14:16:03+00:00\",\"dateModified\":\"2025-11-07T03:20:39+00:00\",\"breadcrumb\":{\"@id\":\"https:\/\/acasaportuguesa.com\/producto\/quiche-entera\/#breadcrumb\"},\"inLanguage\":\"en-GB\",\"potentialAction\":[{\"@type\":\"ReadAction\",\"target\":[\"https:\/\/acasaportuguesa.com\/producto\/quiche-entera\/\"]}]},{\"@type\":\"ImageObject\",\"inLanguage\":\"en-GB\",\"@id\":\"https:\/\/acasaportuguesa.com\/producto\/quiche-entera\/#primaryimage\",\"url\":\"https:\/\/acasaportuguesa.com\/wp-content\/uploads\/2025\/11\/QUICHE-SALMON-BROCOLI-web-600x400-1.jpg\",\"contentUrl\":\"https:\/\/acasaportuguesa.com\/wp-content\/uploads\/2025\/11\/QUICHE-SALMON-BROCOLI-web-600x400-1.jpg\",\"width\":600,\"height\":400},{\"@type\":\"BreadcrumbList\",\"@id\":\"https:\/\/acasaportuguesa.com\/producto\/quiche-entera\/#breadcrumb\",\"itemListElement\":[{\"@type\":\"ListItem\",\"position\":1,\"name\":\"Portada\",\"item\":\"https:\/\/acasaportuguesa.com\/\"},{\"@type\":\"ListItem\",\"position\":2,\"name\":\"Tienda\",\"item\":\"https:\/\/acasaportuguesa.com\/tienda\/\"},{\"@type\":\"ListItem\",\"position\":3,\"name\":\"Quiche Entera\"}]},{\"@type\":\"WebSite\",\"@id\":\"https:\/\/acasaportuguesa.com\/#website\",\"url\":\"https:\/\/acasaportuguesa.com\/\",\"name\":\"A Casa Portuguesa\",\"description\":\"S&oacute;lo otro sitio de WordPress\",\"publisher\":{\"@id\":\"https:\/\/acasaportuguesa.com\/#organization\"},\"potentialAction\":[{\"@type\":\"SearchAction\",\"target\":{\"@type\":\"EntryPoint\",\"urlTemplate\":\"https:\/\/acasaportuguesa.com\/?s={search_term_string}\"},\"query-input\":{\"@type\":\"PropertyValueSpecification\",\"valueRequired\":true,\"valueName\":\"search_term_string\"}}],\"inLanguage\":\"en-GB\"},{\"@type\":\"Organization\",\"@id\":\"https:\/\/acasaportuguesa.com\/#organization\",\"name\":\"A Casa Portuguesa\",\"url\":\"https:\/\/acasaportuguesa.com\/\",\"logo\":{\"@type\":\"ImageObject\",\"inLanguage\":\"en-GB\",\"@id\":\"https:\/\/acasaportuguesa.com\/#\/schema\/logo\/image\/\",\"url\":\"https:\/\/acasaportuguesa.com\/wp-content\/uploads\/2025\/09\/logo-acp.png\",\"contentUrl\":\"https:\/\/acasaportuguesa.com\/wp-content\/uploads\/2025\/09\/logo-acp.png\",\"width\":630,\"height\":1179,\"caption\":\"A Casa Portuguesa\"},\"image\":{\"@id\":\"https:\/\/acasaportuguesa.com\/#\/schema\/logo\/image\/\"}}]}<\/script>\n<!-- \/ Yoast SEO plugin. -->","yoast_head_json":{"title":"Quiche Entera - A Casa Portuguesa","robots":{"index":"index","follow":"follow","max-snippet":"max-snippet:-1","max-image-preview":"max-image-preview:large","max-video-preview":"max-video-preview:-1"},"canonical":"https:\/\/acasaportuguesa.com\/en\/product\/quiche-entera\/","og_locale":"en_GB","og_type":"article","og_title":"Quiche Entera - A Casa Portuguesa","og_description":"Una Porci\u00f3n.  Diferentes y deliciosas combinaciones de las verduras m\u00e1s frescas y de temporada, vegetariana o con variaciones de pescado o carne.  Quiche Salm\u00f3n, Espinacas y Hinojo \/ Quiche Calabac\u00edn y Champis al Curry \/ Quiche Lorraine \u2013 Jam\u00f3n dulce, Bacon y Puerros","og_url":"https:\/\/acasaportuguesa.com\/en\/product\/quiche-entera\/","og_site_name":"A Casa Portuguesa","article_modified_time":"2025-11-07T03:20:39+00:00","og_image":[{"width":600,"height":400,"url":"https:\/\/acasaportuguesa.com\/wp-content\/uploads\/2025\/11\/QUICHE-SALMON-BROCOLI-web-600x400-1.jpg","type":"image\/jpeg"}],"twitter_card":"summary_large_image","schema":{"@context":"https:\/\/schema.org","@graph":[{"@type":"WebPage","@id":"https:\/\/acasaportuguesa.com\/producto\/quiche-entera\/","url":"https:\/\/acasaportuguesa.com\/producto\/quiche-entera\/","name":"Quiche Entera - A Casa Portuguesa","isPartOf":{"@id":"https:\/\/acasaportuguesa.com\/#website"},"primaryImageOfPage":{"@id":"https:\/\/acasaportuguesa.com\/producto\/quiche-entera\/#primaryimage"},"image":{"@id":"https:\/\/acasaportuguesa.com\/producto\/quiche-entera\/#primaryimage"},"thumbnailUrl":"https:\/\/acasaportuguesa.com\/wp-content\/uploads\/2025\/11\/QUICHE-SALMON-BROCOLI-web-600x400-1.jpg","datePublished":"2025-11-05T14:16:03+00:00","dateModified":"2025-11-07T03:20:39+00:00","breadcrumb":{"@id":"https:\/\/acasaportuguesa.com\/producto\/quiche-entera\/#breadcrumb"},"inLanguage":"en-GB","potentialAction":[{"@type":"ReadAction","target":["https:\/\/acasaportuguesa.com\/producto\/quiche-entera\/"]}]},{"@type":"ImageObject","inLanguage":"en-GB","@id":"https:\/\/acasaportuguesa.com\/producto\/quiche-entera\/#primaryimage","url":"https:\/\/acasaportuguesa.com\/wp-content\/uploads\/2025\/11\/QUICHE-SALMON-BROCOLI-web-600x400-1.jpg","contentUrl":"https:\/\/acasaportuguesa.com\/wp-content\/uploads\/2025\/11\/QUICHE-SALMON-BROCOLI-web-600x400-1.jpg","width":600,"height":400},{"@type":"BreadcrumbList","@id":"https:\/\/acasaportuguesa.com\/producto\/quiche-entera\/#breadcrumb","itemListElement":[{"@type":"ListItem","position":1,"name":"Portada","item":"https:\/\/acasaportuguesa.com\/"},{"@type":"ListItem","position":2,"name":"Tienda","item":"https:\/\/acasaportuguesa.com\/tienda\/"},{"@type":"ListItem","position":3,"name":"Quiche Entera"}]},{"@type":"WebSite","@id":"https:\/\/acasaportuguesa.com\/#website","url":"https:\/\/acasaportuguesa.com\/","name":"A Casa Portuguesa","description":"Just another WordPress site","publisher":{"@id":"https:\/\/acasaportuguesa.com\/#organization"},"potentialAction":[{"@type":"SearchAction","target":{"@type":"EntryPoint","urlTemplate":"https:\/\/acasaportuguesa.com\/?s={search_term_string}"},"query-input":{"@type":"PropertyValueSpecification","valueRequired":true,"valueName":"search_term_string"}}],"inLanguage":"en-GB"},{"@type":"Organization","@id":"https:\/\/acasaportuguesa.com\/#organization","name":"A Casa Portuguesa","url":"https:\/\/acasaportuguesa.com\/","logo":{"@type":"ImageObject","inLanguage":"en-GB","@id":"https:\/\/acasaportuguesa.com\/#\/schema\/logo\/image\/","url":"https:\/\/acasaportuguesa.com\/wp-content\/uploads\/2025\/09\/logo-acp.png","contentUrl":"https:\/\/acasaportuguesa.com\/wp-content\/uploads\/2025\/09\/logo-acp.png","width":630,"height":1179,"caption":"A Casa Portuguesa"},"image":{"@id":"https:\/\/acasaportuguesa.com\/#\/schema\/logo\/image\/"}}]}},"jetpack_sharing_enabled":true,"_links":{"self":[{"href":"https:\/\/acasaportuguesa.com\/en\/wp-json\/wp\/v2\/product\/2964","targetHints":{"allow":["GET"]}}],"collection":[{"href":"https:\/\/acasaportuguesa.com\/en\/wp-json\/wp\/v2\/product"}],"about":[{"href":"https:\/\/acasaportuguesa.com\/en\/wp-json\/wp\/v2\/types\/product"}],"replies":[{"embeddable":true,"href":"https:\/\/acasaportuguesa.com\/en\/wp-json\/wp\/v2\/comments?post=2964"}],"wp:featuredmedia":[{"embeddable":true,"href":"https:\/\/acasaportuguesa.com\/en\/wp-json\/wp\/v2\/media\/2965"}],"wp:attachment":[{"href":"https:\/\/acasaportuguesa.com\/en\/wp-json\/wp\/v2\/media?parent=2964"}],"wp:term":[{"taxonomy":"product_brand","embeddable":true,"href":"https:\/\/acasaportuguesa.com\/en\/wp-json\/wp\/v2\/product_brand?post=2964"},{"taxonomy":"product_cat","embeddable":true,"href":"https:\/\/acasaportuguesa.com\/en\/wp-json\/wp\/v2\/product_cat?post=2964"},{"taxonomy":"product_tag","embeddable":true,"href":"https:\/\/acasaportuguesa.com\/en\/wp-json\/wp\/v2\/product_tag?post=2964"}],"curies":[{"name":"wp","href":"https:\/\/api.w.org\/{rel}","templated":true}]}}