{"id":3322,"date":"2025-12-05T18:25:05","date_gmt":"2025-12-05T18:25:05","guid":{"rendered":"https:\/\/acasaportuguesa.com\/?post_type=product&#038;p=3322"},"modified":"2026-02-07T08:53:54","modified_gmt":"2026-02-07T08:53:54","slug":"caja-ginger-coockies-diy","status":"publish","type":"product","link":"https:\/\/acasaportuguesa.com\/en\/product\/caja-ginger-coockies-diy\/","title":{"rendered":"DIY Ginger Coockies Box"},"content":{"rendered":"","protected":false},"excerpt":{"rendered":"<p>What's in the box?<\/p>\n<p>- 12 biscuits in assorted formats<\/p>\n<p>- 3 colours of royal icing - Mini marshmallows<\/p>\n<p>- Snow sprinkles<\/p>\n<p>- Instruction sheet<\/p>\n<p><strong>IMPORTANT: This product can only be ordered at least 1 day in advance.<\/strong><\/p>","protected":false},"featured_media":3323,"comment_status":"open","ping_status":"closed","template":"","meta":[],"product_brand":[],"product_cat":[16],"product_tag":[],"class_list":{"0":"post-3322","1":"product","2":"type-product","3":"status-publish","4":"has-post-thumbnail","6":"product_cat-sin-categorizar","8":"first","9":"outofstock","10":"shipping-taxable","11":"purchasable","12":"product-type-simple"},"yoast_head":"<!-- This site is optimized with the Yoast SEO plugin v26.9 - https:\/\/yoast.com\/product\/yoast-seo-wordpress\/ -->\n<title>Caja Ginger Coockies DIY - A Casa Portuguesa<\/title>\n<meta name=\"robots\" content=\"index, follow, max-snippet:-1, max-image-preview:large, max-video-preview:-1\" \/>\n<link rel=\"canonical\" href=\"https:\/\/acasaportuguesa.com\/en\/product\/caja-ginger-coockies-diy\/\" \/>\n<meta property=\"og:locale\" content=\"en_GB\" \/>\n<meta property=\"og:type\" content=\"article\" \/>\n<meta property=\"og:title\" content=\"Caja Ginger Coockies DIY - A Casa Portuguesa\" \/>\n<meta property=\"og:description\" content=\"\u00bfQu\u00e9 trae la caja?  \u2013 12 galletas en formatos surtidos  \u2013 3 colores de glasa real \u2013 Mini marshmallows  \u2013 Sprinkles de nieve  \u2013 Hoja de instrucciones  IMPORTANTE: este producto solo puede pedirse con un m\u00ednimo de 1 d\u00eda de antelaci\u00f3n.\" \/>\n<meta property=\"og:url\" content=\"https:\/\/acasaportuguesa.com\/en\/product\/caja-ginger-coockies-diy\/\" \/>\n<meta property=\"og:site_name\" content=\"A Casa Portuguesa\" \/>\n<meta property=\"article:modified_time\" content=\"2026-02-07T08:53:54+00:00\" \/>\n<meta property=\"og:image\" content=\"https:\/\/acasaportuguesa.com\/wp-content\/uploads\/2025\/12\/0cafadd0-7d20-4356-9440-d5cf2ca0edaf.jpg\" \/>\n\t<meta property=\"og:image:width\" content=\"1366\" \/>\n\t<meta property=\"og:image:height\" content=\"1366\" \/>\n\t<meta property=\"og:image:type\" content=\"image\/jpeg\" \/>\n<meta name=\"twitter:card\" content=\"summary_large_image\" \/>\n<meta name=\"twitter:label1\" content=\"Estimated reading time\" \/>\n\t<meta name=\"twitter:data1\" content=\"1 minute\" \/>\n<script type=\"application\/ld+json\" class=\"yoast-schema-graph\">{\"@context\":\"https:\/\/schema.org\",\"@graph\":[{\"@type\":\"WebPage\",\"@id\":\"https:\/\/acasaportuguesa.com\/producto\/caja-ginger-coockies-diy\/\",\"url\":\"https:\/\/acasaportuguesa.com\/producto\/caja-ginger-coockies-diy\/\",\"name\":\"Caja Ginger Coockies DIY - A Casa Portuguesa\",\"isPartOf\":{\"@id\":\"https:\/\/acasaportuguesa.com\/#website\"},\"primaryImageOfPage\":{\"@id\":\"https:\/\/acasaportuguesa.com\/producto\/caja-ginger-coockies-diy\/#primaryimage\"},\"image\":{\"@id\":\"https:\/\/acasaportuguesa.com\/producto\/caja-ginger-coockies-diy\/#primaryimage\"},\"thumbnailUrl\":\"https:\/\/acasaportuguesa.com\/wp-content\/uploads\/2025\/12\/0cafadd0-7d20-4356-9440-d5cf2ca0edaf.jpg\",\"datePublished\":\"2025-12-05T18:25:05+00:00\",\"dateModified\":\"2026-02-07T08:53:54+00:00\",\"breadcrumb\":{\"@id\":\"https:\/\/acasaportuguesa.com\/producto\/caja-ginger-coockies-diy\/#breadcrumb\"},\"inLanguage\":\"en-GB\",\"potentialAction\":[{\"@type\":\"ReadAction\",\"target\":[\"https:\/\/acasaportuguesa.com\/producto\/caja-ginger-coockies-diy\/\"]}]},{\"@type\":\"ImageObject\",\"inLanguage\":\"en-GB\",\"@id\":\"https:\/\/acasaportuguesa.com\/producto\/caja-ginger-coockies-diy\/#primaryimage\",\"url\":\"https:\/\/acasaportuguesa.com\/wp-content\/uploads\/2025\/12\/0cafadd0-7d20-4356-9440-d5cf2ca0edaf.jpg\",\"contentUrl\":\"https:\/\/acasaportuguesa.com\/wp-content\/uploads\/2025\/12\/0cafadd0-7d20-4356-9440-d5cf2ca0edaf.jpg\",\"width\":1366,\"height\":1366},{\"@type\":\"BreadcrumbList\",\"@id\":\"https:\/\/acasaportuguesa.com\/producto\/caja-ginger-coockies-diy\/#breadcrumb\",\"itemListElement\":[{\"@type\":\"ListItem\",\"position\":1,\"name\":\"Portada\",\"item\":\"https:\/\/acasaportuguesa.com\/\"},{\"@type\":\"ListItem\",\"position\":2,\"name\":\"Tienda\",\"item\":\"https:\/\/acasaportuguesa.com\/tienda\/\"},{\"@type\":\"ListItem\",\"position\":3,\"name\":\"Caja Ginger Coockies DIY\"}]},{\"@type\":\"WebSite\",\"@id\":\"https:\/\/acasaportuguesa.com\/#website\",\"url\":\"https:\/\/acasaportuguesa.com\/\",\"name\":\"A Casa Portuguesa\",\"description\":\"S&oacute;lo otro sitio de WordPress\",\"publisher\":{\"@id\":\"https:\/\/acasaportuguesa.com\/#organization\"},\"potentialAction\":[{\"@type\":\"SearchAction\",\"target\":{\"@type\":\"EntryPoint\",\"urlTemplate\":\"https:\/\/acasaportuguesa.com\/?s={search_term_string}\"},\"query-input\":{\"@type\":\"PropertyValueSpecification\",\"valueRequired\":true,\"valueName\":\"search_term_string\"}}],\"inLanguage\":\"en-GB\"},{\"@type\":\"Organization\",\"@id\":\"https:\/\/acasaportuguesa.com\/#organization\",\"name\":\"A Casa Portuguesa\",\"url\":\"https:\/\/acasaportuguesa.com\/\",\"logo\":{\"@type\":\"ImageObject\",\"inLanguage\":\"en-GB\",\"@id\":\"https:\/\/acasaportuguesa.com\/#\/schema\/logo\/image\/\",\"url\":\"https:\/\/acasaportuguesa.com\/wp-content\/uploads\/2025\/09\/logo-acp.png\",\"contentUrl\":\"https:\/\/acasaportuguesa.com\/wp-content\/uploads\/2025\/09\/logo-acp.png\",\"width\":630,\"height\":1179,\"caption\":\"A Casa Portuguesa\"},\"image\":{\"@id\":\"https:\/\/acasaportuguesa.com\/#\/schema\/logo\/image\/\"}}]}<\/script>\n<!-- \/ Yoast SEO plugin. -->","yoast_head_json":{"title":"Caja Ginger Coockies DIY - A Casa Portuguesa","robots":{"index":"index","follow":"follow","max-snippet":"max-snippet:-1","max-image-preview":"max-image-preview:large","max-video-preview":"max-video-preview:-1"},"canonical":"https:\/\/acasaportuguesa.com\/en\/product\/caja-ginger-coockies-diy\/","og_locale":"en_GB","og_type":"article","og_title":"Caja Ginger Coockies DIY - A Casa Portuguesa","og_description":"\u00bfQu\u00e9 trae la caja?  \u2013 12 galletas en formatos surtidos  \u2013 3 colores de glasa real \u2013 Mini marshmallows  \u2013 Sprinkles de nieve  \u2013 Hoja de instrucciones  IMPORTANTE: este producto solo puede pedirse con un m\u00ednimo de 1 d\u00eda de antelaci\u00f3n.","og_url":"https:\/\/acasaportuguesa.com\/en\/product\/caja-ginger-coockies-diy\/","og_site_name":"A Casa Portuguesa","article_modified_time":"2026-02-07T08:53:54+00:00","og_image":[{"width":1366,"height":1366,"url":"https:\/\/acasaportuguesa.com\/wp-content\/uploads\/2025\/12\/0cafadd0-7d20-4356-9440-d5cf2ca0edaf.jpg","type":"image\/jpeg"}],"twitter_card":"summary_large_image","twitter_misc":{"Estimated reading time":"1 minute"},"schema":{"@context":"https:\/\/schema.org","@graph":[{"@type":"WebPage","@id":"https:\/\/acasaportuguesa.com\/producto\/caja-ginger-coockies-diy\/","url":"https:\/\/acasaportuguesa.com\/producto\/caja-ginger-coockies-diy\/","name":"Caja Ginger Coockies DIY - A Casa Portuguesa","isPartOf":{"@id":"https:\/\/acasaportuguesa.com\/#website"},"primaryImageOfPage":{"@id":"https:\/\/acasaportuguesa.com\/producto\/caja-ginger-coockies-diy\/#primaryimage"},"image":{"@id":"https:\/\/acasaportuguesa.com\/producto\/caja-ginger-coockies-diy\/#primaryimage"},"thumbnailUrl":"https:\/\/acasaportuguesa.com\/wp-content\/uploads\/2025\/12\/0cafadd0-7d20-4356-9440-d5cf2ca0edaf.jpg","datePublished":"2025-12-05T18:25:05+00:00","dateModified":"2026-02-07T08:53:54+00:00","breadcrumb":{"@id":"https:\/\/acasaportuguesa.com\/producto\/caja-ginger-coockies-diy\/#breadcrumb"},"inLanguage":"en-GB","potentialAction":[{"@type":"ReadAction","target":["https:\/\/acasaportuguesa.com\/producto\/caja-ginger-coockies-diy\/"]}]},{"@type":"ImageObject","inLanguage":"en-GB","@id":"https:\/\/acasaportuguesa.com\/producto\/caja-ginger-coockies-diy\/#primaryimage","url":"https:\/\/acasaportuguesa.com\/wp-content\/uploads\/2025\/12\/0cafadd0-7d20-4356-9440-d5cf2ca0edaf.jpg","contentUrl":"https:\/\/acasaportuguesa.com\/wp-content\/uploads\/2025\/12\/0cafadd0-7d20-4356-9440-d5cf2ca0edaf.jpg","width":1366,"height":1366},{"@type":"BreadcrumbList","@id":"https:\/\/acasaportuguesa.com\/producto\/caja-ginger-coockies-diy\/#breadcrumb","itemListElement":[{"@type":"ListItem","position":1,"name":"Portada","item":"https:\/\/acasaportuguesa.com\/"},{"@type":"ListItem","position":2,"name":"Tienda","item":"https:\/\/acasaportuguesa.com\/tienda\/"},{"@type":"ListItem","position":3,"name":"Caja Ginger Coockies DIY"}]},{"@type":"WebSite","@id":"https:\/\/acasaportuguesa.com\/#website","url":"https:\/\/acasaportuguesa.com\/","name":"A Casa Portuguesa","description":"Just another WordPress site","publisher":{"@id":"https:\/\/acasaportuguesa.com\/#organization"},"potentialAction":[{"@type":"SearchAction","target":{"@type":"EntryPoint","urlTemplate":"https:\/\/acasaportuguesa.com\/?s={search_term_string}"},"query-input":{"@type":"PropertyValueSpecification","valueRequired":true,"valueName":"search_term_string"}}],"inLanguage":"en-GB"},{"@type":"Organization","@id":"https:\/\/acasaportuguesa.com\/#organization","name":"A Casa Portuguesa","url":"https:\/\/acasaportuguesa.com\/","logo":{"@type":"ImageObject","inLanguage":"en-GB","@id":"https:\/\/acasaportuguesa.com\/#\/schema\/logo\/image\/","url":"https:\/\/acasaportuguesa.com\/wp-content\/uploads\/2025\/09\/logo-acp.png","contentUrl":"https:\/\/acasaportuguesa.com\/wp-content\/uploads\/2025\/09\/logo-acp.png","width":630,"height":1179,"caption":"A Casa Portuguesa"},"image":{"@id":"https:\/\/acasaportuguesa.com\/#\/schema\/logo\/image\/"}}]}},"jetpack_sharing_enabled":true,"_links":{"self":[{"href":"https:\/\/acasaportuguesa.com\/en\/wp-json\/wp\/v2\/product\/3322","targetHints":{"allow":["GET"]}}],"collection":[{"href":"https:\/\/acasaportuguesa.com\/en\/wp-json\/wp\/v2\/product"}],"about":[{"href":"https:\/\/acasaportuguesa.com\/en\/wp-json\/wp\/v2\/types\/product"}],"replies":[{"embeddable":true,"href":"https:\/\/acasaportuguesa.com\/en\/wp-json\/wp\/v2\/comments?post=3322"}],"wp:featuredmedia":[{"embeddable":true,"href":"https:\/\/acasaportuguesa.com\/en\/wp-json\/wp\/v2\/media\/3323"}],"wp:attachment":[{"href":"https:\/\/acasaportuguesa.com\/en\/wp-json\/wp\/v2\/media?parent=3322"}],"wp:term":[{"taxonomy":"product_brand","embeddable":true,"href":"https:\/\/acasaportuguesa.com\/en\/wp-json\/wp\/v2\/product_brand?post=3322"},{"taxonomy":"product_cat","embeddable":true,"href":"https:\/\/acasaportuguesa.com\/en\/wp-json\/wp\/v2\/product_cat?post=3322"},{"taxonomy":"product_tag","embeddable":true,"href":"https:\/\/acasaportuguesa.com\/en\/wp-json\/wp\/v2\/product_tag?post=3322"}],"curies":[{"name":"wp","href":"https:\/\/api.w.org\/{rel}","templated":true}]}}